{"id":11620,"date":"2025-07-08T21:59:52","date_gmt":"2025-07-08T21:59:52","guid":{"rendered":"https:\/\/atlix.bcardmexico.com\/?post_type=product&#038;p=11620"},"modified":"2025-07-08T22:00:09","modified_gmt":"2025-07-08T22:00:09","slug":"silla-modelo-mantarraya","status":"publish","type":"product","link":"https:\/\/atlix.bcardmexico.com\/?product=silla-modelo-mantarraya","title":{"rendered":"Silla modelo mantarraya"},"content":{"rendered":"","protected":false},"excerpt":{"rendered":"<p>Herrer\u00eda con pintura electrost\u00e1tica y tejido en cuerda n\u00e1utica<\/p>\n","protected":false},"featured_media":11621,"comment_status":"open","ping_status":"closed","template":"","meta":[],"etheme_brands":[],"product_brand":[],"product_cat":[68],"product_tag":[],"class_list":{"0":"post-11620","1":"product","2":"type-product","3":"status-publish","4":"has-post-thumbnail","6":"product_cat-sillas","8":"first","9":"instock","10":"shipping-taxable","11":"product-type-simple"},"yoast_head":"<!-- This site is optimized with the Yoast SEO Premium plugin v23.4 (Yoast SEO v23.4) - https:\/\/yoast.com\/wordpress\/plugins\/seo\/ -->\n<title>Silla modelo mantarraya - Atlix Sillas Artesanales<\/title>\n<meta name=\"robots\" content=\"index, follow, max-snippet:-1, max-image-preview:large, max-video-preview:-1\" \/>\n<link rel=\"canonical\" href=\"https:\/\/atlix.bcardmexico.com\/?product=silla-modelo-mantarraya\" \/>\n<meta property=\"og:locale\" content=\"es_MX\" \/>\n<meta property=\"og:type\" content=\"article\" \/>\n<meta property=\"og:title\" content=\"Silla modelo mantarraya\" \/>\n<meta property=\"og:description\" content=\"Herrer\u00eda con pintura electrost\u00e1tica y tejido en cuerda n\u00e1utica\" \/>\n<meta property=\"og:url\" content=\"https:\/\/atlix.bcardmexico.com\/?product=silla-modelo-mantarraya\" \/>\n<meta property=\"og:site_name\" content=\"Atlix Sillas Artesanales\" \/>\n<meta property=\"article:modified_time\" content=\"2025-07-08T22:00:09+00:00\" \/>\n<meta property=\"og:image\" content=\"https:\/\/atlix.bcardmexico.com\/wp-content\/uploads\/2025\/07\/Silla-modelo-mantarraya.jpg\" \/>\n\t<meta property=\"og:image:width\" content=\"1300\" \/>\n\t<meta property=\"og:image:height\" content=\"1520\" \/>\n\t<meta property=\"og:image:type\" content=\"image\/jpeg\" \/>\n<meta name=\"twitter:card\" content=\"summary_large_image\" \/>\n<script type=\"application\/ld+json\" class=\"yoast-schema-graph\">{\"@context\":\"https:\/\/schema.org\",\"@graph\":[{\"@type\":\"WebPage\",\"@id\":\"https:\/\/atlix.bcardmexico.com\/?product=silla-modelo-mantarraya\",\"url\":\"https:\/\/atlix.bcardmexico.com\/?product=silla-modelo-mantarraya\",\"name\":\"Silla modelo mantarraya - Atlix Sillas Artesanales\",\"isPartOf\":{\"@id\":\"https:\/\/atlix.bcardmexico.com\/#website\"},\"primaryImageOfPage\":{\"@id\":\"https:\/\/atlix.bcardmexico.com\/?product=silla-modelo-mantarraya#primaryimage\"},\"image\":{\"@id\":\"https:\/\/atlix.bcardmexico.com\/?product=silla-modelo-mantarraya#primaryimage\"},\"thumbnailUrl\":\"https:\/\/atlix.bcardmexico.com\/wp-content\/uploads\/2025\/07\/Silla-modelo-mantarraya.jpg\",\"datePublished\":\"2025-07-08T21:59:52+00:00\",\"dateModified\":\"2025-07-08T22:00:09+00:00\",\"breadcrumb\":{\"@id\":\"https:\/\/atlix.bcardmexico.com\/?product=silla-modelo-mantarraya#breadcrumb\"},\"inLanguage\":\"es\",\"potentialAction\":[{\"@type\":\"ReadAction\",\"target\":[\"https:\/\/atlix.bcardmexico.com\/?product=silla-modelo-mantarraya\"]}]},{\"@type\":\"ImageObject\",\"inLanguage\":\"es\",\"@id\":\"https:\/\/atlix.bcardmexico.com\/?product=silla-modelo-mantarraya#primaryimage\",\"url\":\"https:\/\/atlix.bcardmexico.com\/wp-content\/uploads\/2025\/07\/Silla-modelo-mantarraya.jpg\",\"contentUrl\":\"https:\/\/atlix.bcardmexico.com\/wp-content\/uploads\/2025\/07\/Silla-modelo-mantarraya.jpg\",\"width\":1300,\"height\":1520},{\"@type\":\"BreadcrumbList\",\"@id\":\"https:\/\/atlix.bcardmexico.com\/?product=silla-modelo-mantarraya#breadcrumb\",\"itemListElement\":[{\"@type\":\"ListItem\",\"position\":1,\"name\":\"Home\",\"item\":\"https:\/\/atlix.bcardmexico.com\/\"},{\"@type\":\"ListItem\",\"position\":2,\"name\":\"Shop\",\"item\":\"https:\/\/atlix.bcardmexico.com\/?page_id=6\"},{\"@type\":\"ListItem\",\"position\":3,\"name\":\"Silla modelo mantarraya\"}]},{\"@type\":\"WebSite\",\"@id\":\"https:\/\/atlix.bcardmexico.com\/#website\",\"url\":\"https:\/\/atlix.bcardmexico.com\/\",\"name\":\"Atlix Sillas Artesanales\",\"description\":\"\",\"publisher\":{\"@id\":\"https:\/\/atlix.bcardmexico.com\/#organization\"},\"alternateName\":\"Atlix Sillas Artesanales\",\"potentialAction\":[{\"@type\":\"SearchAction\",\"target\":{\"@type\":\"EntryPoint\",\"urlTemplate\":\"https:\/\/atlix.bcardmexico.com\/?s={search_term_string}\"},\"query-input\":{\"@type\":\"PropertyValueSpecification\",\"valueRequired\":true,\"valueName\":\"search_term_string\"}}],\"inLanguage\":\"es\"},{\"@type\":\"Organization\",\"@id\":\"https:\/\/atlix.bcardmexico.com\/#organization\",\"name\":\"Atlix Sillas Artesanales\",\"url\":\"https:\/\/atlix.bcardmexico.com\/\",\"logo\":{\"@type\":\"ImageObject\",\"inLanguage\":\"es\",\"@id\":\"https:\/\/atlix.bcardmexico.com\/#\/schema\/logo\/image\/\",\"url\":\"https:\/\/atlix.bcardmexico.com\/wp-content\/uploads\/2021\/10\/logo-new.png\",\"contentUrl\":\"https:\/\/atlix.bcardmexico.com\/wp-content\/uploads\/2021\/10\/logo-new.png\",\"width\":238,\"height\":58,\"caption\":\"Atlix Sillas Artesanales\"},\"image\":{\"@id\":\"https:\/\/atlix.bcardmexico.com\/#\/schema\/logo\/image\/\"}}]}<\/script>\n<!-- \/ Yoast SEO Premium plugin. -->","yoast_head_json":{"title":"Silla modelo mantarraya - Atlix Sillas Artesanales","robots":{"index":"index","follow":"follow","max-snippet":"max-snippet:-1","max-image-preview":"max-image-preview:large","max-video-preview":"max-video-preview:-1"},"canonical":"https:\/\/atlix.bcardmexico.com\/?product=silla-modelo-mantarraya","og_locale":"es_MX","og_type":"article","og_title":"Silla modelo mantarraya","og_description":"Herrer\u00eda con pintura electrost\u00e1tica y tejido en cuerda n\u00e1utica","og_url":"https:\/\/atlix.bcardmexico.com\/?product=silla-modelo-mantarraya","og_site_name":"Atlix Sillas Artesanales","article_modified_time":"2025-07-08T22:00:09+00:00","og_image":[{"width":1300,"height":1520,"url":"https:\/\/atlix.bcardmexico.com\/wp-content\/uploads\/2025\/07\/Silla-modelo-mantarraya.jpg","type":"image\/jpeg"}],"twitter_card":"summary_large_image","schema":{"@context":"https:\/\/schema.org","@graph":[{"@type":"WebPage","@id":"https:\/\/atlix.bcardmexico.com\/?product=silla-modelo-mantarraya","url":"https:\/\/atlix.bcardmexico.com\/?product=silla-modelo-mantarraya","name":"Silla modelo mantarraya - Atlix Sillas Artesanales","isPartOf":{"@id":"https:\/\/atlix.bcardmexico.com\/#website"},"primaryImageOfPage":{"@id":"https:\/\/atlix.bcardmexico.com\/?product=silla-modelo-mantarraya#primaryimage"},"image":{"@id":"https:\/\/atlix.bcardmexico.com\/?product=silla-modelo-mantarraya#primaryimage"},"thumbnailUrl":"https:\/\/atlix.bcardmexico.com\/wp-content\/uploads\/2025\/07\/Silla-modelo-mantarraya.jpg","datePublished":"2025-07-08T21:59:52+00:00","dateModified":"2025-07-08T22:00:09+00:00","breadcrumb":{"@id":"https:\/\/atlix.bcardmexico.com\/?product=silla-modelo-mantarraya#breadcrumb"},"inLanguage":"es","potentialAction":[{"@type":"ReadAction","target":["https:\/\/atlix.bcardmexico.com\/?product=silla-modelo-mantarraya"]}]},{"@type":"ImageObject","inLanguage":"es","@id":"https:\/\/atlix.bcardmexico.com\/?product=silla-modelo-mantarraya#primaryimage","url":"https:\/\/atlix.bcardmexico.com\/wp-content\/uploads\/2025\/07\/Silla-modelo-mantarraya.jpg","contentUrl":"https:\/\/atlix.bcardmexico.com\/wp-content\/uploads\/2025\/07\/Silla-modelo-mantarraya.jpg","width":1300,"height":1520},{"@type":"BreadcrumbList","@id":"https:\/\/atlix.bcardmexico.com\/?product=silla-modelo-mantarraya#breadcrumb","itemListElement":[{"@type":"ListItem","position":1,"name":"Home","item":"https:\/\/atlix.bcardmexico.com\/"},{"@type":"ListItem","position":2,"name":"Shop","item":"https:\/\/atlix.bcardmexico.com\/?page_id=6"},{"@type":"ListItem","position":3,"name":"Silla modelo mantarraya"}]},{"@type":"WebSite","@id":"https:\/\/atlix.bcardmexico.com\/#website","url":"https:\/\/atlix.bcardmexico.com\/","name":"Atlix Sillas Artesanales","description":"","publisher":{"@id":"https:\/\/atlix.bcardmexico.com\/#organization"},"alternateName":"Atlix Sillas Artesanales","potentialAction":[{"@type":"SearchAction","target":{"@type":"EntryPoint","urlTemplate":"https:\/\/atlix.bcardmexico.com\/?s={search_term_string}"},"query-input":{"@type":"PropertyValueSpecification","valueRequired":true,"valueName":"search_term_string"}}],"inLanguage":"es"},{"@type":"Organization","@id":"https:\/\/atlix.bcardmexico.com\/#organization","name":"Atlix Sillas Artesanales","url":"https:\/\/atlix.bcardmexico.com\/","logo":{"@type":"ImageObject","inLanguage":"es","@id":"https:\/\/atlix.bcardmexico.com\/#\/schema\/logo\/image\/","url":"https:\/\/atlix.bcardmexico.com\/wp-content\/uploads\/2021\/10\/logo-new.png","contentUrl":"https:\/\/atlix.bcardmexico.com\/wp-content\/uploads\/2021\/10\/logo-new.png","width":238,"height":58,"caption":"Atlix Sillas Artesanales"},"image":{"@id":"https:\/\/atlix.bcardmexico.com\/#\/schema\/logo\/image\/"}}]}},"_links":{"self":[{"href":"https:\/\/atlix.bcardmexico.com\/index.php?rest_route=\/wp\/v2\/product\/11620","targetHints":{"allow":["GET"]}}],"collection":[{"href":"https:\/\/atlix.bcardmexico.com\/index.php?rest_route=\/wp\/v2\/product"}],"about":[{"href":"https:\/\/atlix.bcardmexico.com\/index.php?rest_route=\/wp\/v2\/types\/product"}],"replies":[{"embeddable":true,"href":"https:\/\/atlix.bcardmexico.com\/index.php?rest_route=%2Fwp%2Fv2%2Fcomments&post=11620"}],"version-history":[{"count":1,"href":"https:\/\/atlix.bcardmexico.com\/index.php?rest_route=\/wp\/v2\/product\/11620\/revisions"}],"predecessor-version":[{"id":11622,"href":"https:\/\/atlix.bcardmexico.com\/index.php?rest_route=\/wp\/v2\/product\/11620\/revisions\/11622"}],"wp:featuredmedia":[{"embeddable":true,"href":"https:\/\/atlix.bcardmexico.com\/index.php?rest_route=\/wp\/v2\/media\/11621"}],"wp:attachment":[{"href":"https:\/\/atlix.bcardmexico.com\/index.php?rest_route=%2Fwp%2Fv2%2Fmedia&parent=11620"}],"wp:term":[{"taxonomy":"brand","embeddable":true,"href":"https:\/\/atlix.bcardmexico.com\/index.php?rest_route=%2Fwp%2Fv2%2Fetheme_brands&post=11620"},{"taxonomy":"product_brand","embeddable":true,"href":"https:\/\/atlix.bcardmexico.com\/index.php?rest_route=%2Fwp%2Fv2%2Fproduct_brand&post=11620"},{"taxonomy":"product_cat","embeddable":true,"href":"https:\/\/atlix.bcardmexico.com\/index.php?rest_route=%2Fwp%2Fv2%2Fproduct_cat&post=11620"},{"taxonomy":"product_tag","embeddable":true,"href":"https:\/\/atlix.bcardmexico.com\/index.php?rest_route=%2Fwp%2Fv2%2Fproduct_tag&post=11620"}],"curies":[{"name":"wp","href":"https:\/\/api.w.org\/{rel}","templated":true}]}}